{"id":670,"date":"2024-09-23T13:44:16","date_gmt":"2024-09-23T13:44:16","guid":{"rendered":"https:\/\/exsitu-congres.com\/?page_id=670"},"modified":"2024-09-25T09:16:25","modified_gmt":"2024-09-25T09:16:25","slug":"charte","status":"publish","type":"page","link":"https:\/\/exsitu-congres.com\/en\/charte\/","title":{"rendered":"Charte"},"content":{"rendered":"<div class=\"fusion-fullwidth fullwidth-box fusion-builder-row-1 fusion-flex-container nonhundred-percent-fullwidth non-hundred-percent-height-scrolling\" style=\"--awb-border-radius-top-left:0px;--awb-border-radius-top-right:0px;--awb-border-radius-bottom-right:0px;--awb-border-radius-bottom-left:0px;--awb-flex-wrap:wrap;\" ><div class=\"fusion-builder-row fusion-row fusion-flex-align-items-flex-start fusion-flex-content-wrap\" style=\"max-width:104%;margin-left: calc(-4% \/ 2 );margin-right: calc(-4% \/ 2 );\"><div class=\"fusion-layout-column fusion_builder_column fusion-builder-column-0 fusion_builder_column_1_1 1_1 fusion-flex-column\" style=\"--awb-bg-blend:overlay;--awb-bg-size:cover;--awb-width-large:100%;--awb-margin-top-large:0px;--awb-spacing-right-large:1.92%;--awb-margin-bottom-large:0px;--awb-spacing-left-large:1.92%;--awb-width-medium:100%;--awb-spacing-right-medium:1.92%;--awb-spacing-left-medium:1.92%;--awb-width-small:100%;--awb-spacing-right-small:1.92%;--awb-spacing-left-small:1.92%;\"><div class=\"fusion-column-wrapper fusion-flex-justify-content-flex-start fusion-content-layout-column\"><div class=\"fusion-text fusion-text-1\"><\/p>\n<h2 class=\"wp-block-heading fusion-responsive-typography-calculated\" style=\"color: var(--awb-color3); --fontsize: 110; line-height: 1;\" data-fontsize=\"110\" data-lineheight=\"110px\">Congress Charter<\/h2>\n<p><\/p>\n<div><b><span style=\"color: var(--awb-color6);\">ARTICLE 1 \u2013 ORGANIZATION, PURPOSE, DATE, AND DURATION<\/span><\/b><strong class=\"privacy-policy-tutorial\"> <br \/><\/strong>This regulation is of a general nature and applies to the EX-SITU conference.<br \/>The EX-SITU conference will be held on June 28 and 29, 2025, at the ODEUM conference hall in Carcassonne (11), located at 4 Place Jussieu, 75005 Paris. It is organized by the association Odyss\u00e9e des Terres Inconnues.<\/div>\n<div>\u00a0<\/div>\n<div><span style=\"color: var(--awb-color8);\"><u>1.01<\/u><\/span><span style=\"color: var(--awb-color8);\"><u> Event Schedule for June 28 and 29, 2025:<\/u> <\/span><br \/>The event will open to the public at 8:15 AM and close at 6:00 PM. Any changes to these hours before the event will be communicated to you by email. Visitors will be asked to leave the venue by 5:00 PM on Sunday.<\/div>\n<div>\u00a0<\/div>\n<div><span style=\"color: var(--awb-color8);\"><u>1.02 Acceptance Conditions<\/u><\/span><br \/>By accepting our general terms and conditions of sale, the participant agrees to all regulations and those that may be imposed due to specific circumstances or new requirements. The participant further agrees to comply with all applicable legal and regulatory provisions outlined below.<\/div>\n<p>&nbsp;<\/p>\n<p style=\"font-weight: 400;\"><strong style=\"color: var(--awb-color8);\">ARTICLE 2 \u2013 ACCESS TO THE EVENT<\/strong><\/p>\n<p><span style=\"color: var(--awb-color8);\"><u>2.01<\/u><\/span> \u201cPass\u201d wristbands granting access to the event will be issued to visitors on the day of their arrival in exchange for the event purchase invoice, under conditions determined by the organizer.<\/p>\n<p><u><span style=\"color: var(--awb-color8);\">2.02<\/span><\/u> Access to the event is strictly prohibited for dogs and other four-legged animals (except with special permission). Failure to comply with this rule may result in the expulsion of the owner and the animal from the event.<\/p>\n<p>2.03 Participants should be aware that the entire event, including all conferences, may be filmed during the event. By purchasing a PASS RR3 or RR4, the public acknowledges that they may appear in images, videos, or films produced after the event.<br \/>Individuals who do not wish to be filmed are invited to purchase a PASS RR2. They will also be informed upon arrival, via signage and announcements in the conference hall, of the rows that will not be subject to public filming.<\/p>\n<p>&nbsp;<\/p>\n<p><strong class=\"privacy-policy-tutorial\"><span style=\"color: var(--awb-color8);\">ARTICLE 3 \u2013 PARKING<\/span><\/strong><br \/>No parking areas or parking facilities will be provided on-site. Visitors are responsible for making their own arrangements for parking their vehicles. Any fines or penalties occurring during the event will not be the responsibility of EX-SITU.<\/p>\n<p>&nbsp;<\/p>\n<p><strong class=\"privacy-policy-tutorial\"><span style=\"color: var(--awb-color8);\">ARTICLE 4 \u2013 INTERNAL REGULATIONS<\/span><br \/><\/strong><u><span style=\"color: var(--awb-color8);\">4.01<\/span><\/u> The organizer reserves the right to refuse entry or expel any person whose presence or behavior could harm the safety, tranquility, or reputation of the event.<\/p>\n<p><u><span style=\"color: var(--awb-color8);\">4.02<\/span><\/u> Signs and Posters. It is forbidden to place any advertising panels or signs inside the event venue that have not been approved or accepted in advance by the organizer.<\/p>\n<p><u><span style=\"color: var(--awb-color8);\">4.03<\/span><\/u> Hygiene and safety regulations must be followed according to current regulations. In line with the prevailing health measures, visitors may be asked to comply with preventive actions and health barriers (such as wearing a mask) if the situation requires it.<\/p>\n<p><u><span style=\"color: var(--awb-color8);\">4.04<\/span><\/u> For safety reasons, smoking is strictly prohibited in the reception area and the conference hall. Additionally, the following are strictly prohibited within the event venue: cannabis and other narcotics. Alcohol brought from outside will also be banned.<\/p>\n<p><u><span style=\"color: var(--awb-color8);\">4.05<\/span><\/u> Music Instruments. To avoid disrupting the conferences, it is prohibited to play musical instruments within the conference space, unless prior authorization has been granted.<\/p>\n<p><u><span style=\"color: var(--awb-color8);\">4.06<\/span><\/u> Filming and Video Recording. Unless given exceptional permission, it is strictly forbidden to film any conference or make video recordings within the conference venue during the weekend.<\/p>\n<p>&nbsp;<\/p>\n<p><strong class=\"privacy-policy-tutorial\"><span style=\"color: var(--awb-color8);\">ARTICLE 5 \u2013 ENFORCEMENT OF THE CHARTER<\/span><br \/><\/strong><\/p>\n<p>Any violation of the provisions set forth in this document, as well as any provisions regulating the safety of the event, may result in immediate, temporary, or permanent exclusion from the event, as determined by the organization.<\/p><\/p>\n<\/div><div ><a class=\"fusion-button button-flat button-xlarge button-custom fusion-button-default button-1 fusion-button-default-span fusion-button-default-type\" style=\"--awb-margin-top:30px;--button_accent_color:var(--awb-color6);--button_border_color:var(--awb-color6);--button_accent_hover_color:var(--awb-color1);--button_border_hover_color:var(--awb-color1);--button_gradient_top_color:var(--awb-color4);--button_gradient_bottom_color:var(--awb-color4);--button_gradient_top_color_hover:hsla(var(--awb-color4-h),calc(var(--awb-color4-s) - 4%),calc(var(--awb-color4-l) - 8%),var(--awb-color4-a));--button_gradient_bottom_color_hover:hsla(var(--awb-color4-h),calc(var(--awb-color4-s) - 4%),calc(var(--awb-color4-l) - 8%),var(--awb-color4-a));\" target=\"_self\" href=\"https:\/\/exsitu-congres.com\/en\/\"><span class=\"fusion-button-text awb-button__text awb-button__text--default\">Back to home<\/span><\/a><\/div><\/div><\/div><\/div><\/div>","protected":false},"excerpt":{"rendered":"","protected":false},"author":1,"featured_media":0,"parent":0,"menu_order":0,"comment_status":"closed","ping_status":"open","template":"","meta":{"footnotes":""},"class_list":["post-670","page","type-page","status-publish","hentry"],"yoast_head":"<!-- This site is optimized with the Yoast SEO plugin v27.4 - https:\/\/yoast.com\/product\/yoast-seo-wordpress\/ -->\n<title>Charte - Ex-Situ congr\u00e8s<\/title>\n<meta name=\"description\" content=\"Consultez la charte du congr\u00e8s EX SITU, ainsi que le r\u00e8glement li\u00e9 \u00e0 votre participation. Toute infraction aux dispositions des pr\u00e9sentes ainsi qu\u2019\u00e0 toutes dispositions r\u00e9glementant la s\u00e9curit\u00e9 de l\u2019\u00e9v\u00e9nement pourra entra\u00eener, suite au constat de l\u2019organisation, l\u2019exclusion imm\u00e9diate, temporaire ou d\u00e9finitive du visiteur.\" \/>\n<meta name=\"robots\" content=\"index, follow, max-snippet:-1, max-image-preview:large, max-video-preview:-1\" \/>\n<link rel=\"canonical\" href=\"https:\/\/exsitu-congres.com\/en\/charte\/\" \/>\n<meta property=\"og:locale\" content=\"en_GB\" \/>\n<meta property=\"og:type\" content=\"article\" \/>\n<meta property=\"og:title\" content=\"Charte - Ex-Situ congr\u00e8s\" \/>\n<meta property=\"og:description\" content=\"Consultez la charte du congr\u00e8s EX SITU, ainsi que le r\u00e8glement li\u00e9 \u00e0 votre participation. Toute infraction aux dispositions des pr\u00e9sentes ainsi qu\u2019\u00e0 toutes dispositions r\u00e9glementant la s\u00e9curit\u00e9 de l\u2019\u00e9v\u00e9nement pourra entra\u00eener, suite au constat de l\u2019organisation, l\u2019exclusion imm\u00e9diate, temporaire ou d\u00e9finitive du visiteur.\" \/>\n<meta property=\"og:url\" content=\"https:\/\/exsitu-congres.com\/en\/charte\/\" \/>\n<meta property=\"og:site_name\" content=\"Ex-Situ congr\u00e8s\" \/>\n<meta property=\"article:modified_time\" content=\"2024-09-25T09:16:25+00:00\" \/>\n<meta name=\"twitter:card\" content=\"summary_large_image\" \/>\n<meta name=\"twitter:label1\" content=\"Estimated reading time\" \/>\n\t<meta name=\"twitter:data1\" content=\"4 minutes\" \/>\n<script type=\"application\/ld+json\" class=\"yoast-schema-graph\">{\"@context\":\"https:\\\/\\\/schema.org\",\"@graph\":[{\"@type\":\"WebPage\",\"@id\":\"https:\\\/\\\/exsitu-congres.com\\\/charte\\\/\",\"url\":\"https:\\\/\\\/exsitu-congres.com\\\/charte\\\/\",\"name\":\"Charte - Ex-Situ congr\u00e8s\",\"isPartOf\":{\"@id\":\"https:\\\/\\\/exsitu-congres.com\\\/#website\"},\"datePublished\":\"2024-09-23T13:44:16+00:00\",\"dateModified\":\"2024-09-25T09:16:25+00:00\",\"description\":\"Consultez la charte du congr\u00e8s EX SITU, ainsi que le r\u00e8glement li\u00e9 \u00e0 votre participation. Toute infraction aux dispositions des pr\u00e9sentes ainsi qu\u2019\u00e0 toutes dispositions r\u00e9glementant la s\u00e9curit\u00e9 de l\u2019\u00e9v\u00e9nement pourra entra\u00eener, suite au constat de l\u2019organisation, l\u2019exclusion imm\u00e9diate, temporaire ou d\u00e9finitive du visiteur.\",\"breadcrumb\":{\"@id\":\"https:\\\/\\\/exsitu-congres.com\\\/charte\\\/#breadcrumb\"},\"inLanguage\":\"en-GB\",\"potentialAction\":[{\"@type\":\"ReadAction\",\"target\":[\"https:\\\/\\\/exsitu-congres.com\\\/charte\\\/\"]}]},{\"@type\":\"BreadcrumbList\",\"@id\":\"https:\\\/\\\/exsitu-congres.com\\\/charte\\\/#breadcrumb\",\"itemListElement\":[{\"@type\":\"ListItem\",\"position\":1,\"name\":\"Accueil\",\"item\":\"https:\\\/\\\/exsitu-congres.com\\\/\"},{\"@type\":\"ListItem\",\"position\":2,\"name\":\"Charte\"}]},{\"@type\":\"WebSite\",\"@id\":\"https:\\\/\\\/exsitu-congres.com\\\/#website\",\"url\":\"https:\\\/\\\/exsitu-congres.com\\\/\",\"name\":\"Ex-Situ congr\u00e8s\",\"description\":\"Le congr\u00e8s d\u00e9di\u00e9 \u00e0 l\u2019\u00e9tude des ph\u00e9nom\u00e8nes d\u2019enl\u00e8vements et de rencontres dites exog\u00e8nes\",\"potentialAction\":[{\"@type\":\"SearchAction\",\"target\":{\"@type\":\"EntryPoint\",\"urlTemplate\":\"https:\\\/\\\/exsitu-congres.com\\\/?s={search_term_string}\"},\"query-input\":{\"@type\":\"PropertyValueSpecification\",\"valueRequired\":true,\"valueName\":\"search_term_string\"}}],\"inLanguage\":\"en-GB\"}]}<\/script>\n<!-- \/ Yoast SEO plugin. -->","yoast_head_json":{"title":"Charte - Ex-Situ congr\u00e8s","description":"Consultez la charte du congr\u00e8s EX SITU, ainsi que le r\u00e8glement li\u00e9 \u00e0 votre participation. Toute infraction aux dispositions des pr\u00e9sentes ainsi qu\u2019\u00e0 toutes dispositions r\u00e9glementant la s\u00e9curit\u00e9 de l\u2019\u00e9v\u00e9nement pourra entra\u00eener, suite au constat de l\u2019organisation, l\u2019exclusion imm\u00e9diate, temporaire ou d\u00e9finitive du visiteur.","robots":{"index":"index","follow":"follow","max-snippet":"max-snippet:-1","max-image-preview":"max-image-preview:large","max-video-preview":"max-video-preview:-1"},"canonical":"https:\/\/exsitu-congres.com\/en\/charte\/","og_locale":"en_GB","og_type":"article","og_title":"Charte - Ex-Situ congr\u00e8s","og_description":"Consultez la charte du congr\u00e8s EX SITU, ainsi que le r\u00e8glement li\u00e9 \u00e0 votre participation. Toute infraction aux dispositions des pr\u00e9sentes ainsi qu\u2019\u00e0 toutes dispositions r\u00e9glementant la s\u00e9curit\u00e9 de l\u2019\u00e9v\u00e9nement pourra entra\u00eener, suite au constat de l\u2019organisation, l\u2019exclusion imm\u00e9diate, temporaire ou d\u00e9finitive du visiteur.","og_url":"https:\/\/exsitu-congres.com\/en\/charte\/","og_site_name":"Ex-Situ congr\u00e8s","article_modified_time":"2024-09-25T09:16:25+00:00","twitter_card":"summary_large_image","twitter_misc":{"Estimated reading time":"4 minutes"},"schema":{"@context":"https:\/\/schema.org","@graph":[{"@type":"WebPage","@id":"https:\/\/exsitu-congres.com\/charte\/","url":"https:\/\/exsitu-congres.com\/charte\/","name":"Charte - Ex-Situ congr\u00e8s","isPartOf":{"@id":"https:\/\/exsitu-congres.com\/#website"},"datePublished":"2024-09-23T13:44:16+00:00","dateModified":"2024-09-25T09:16:25+00:00","description":"Consultez la charte du congr\u00e8s EX SITU, ainsi que le r\u00e8glement li\u00e9 \u00e0 votre participation. Toute infraction aux dispositions des pr\u00e9sentes ainsi qu\u2019\u00e0 toutes dispositions r\u00e9glementant la s\u00e9curit\u00e9 de l\u2019\u00e9v\u00e9nement pourra entra\u00eener, suite au constat de l\u2019organisation, l\u2019exclusion imm\u00e9diate, temporaire ou d\u00e9finitive du visiteur.","breadcrumb":{"@id":"https:\/\/exsitu-congres.com\/charte\/#breadcrumb"},"inLanguage":"en-GB","potentialAction":[{"@type":"ReadAction","target":["https:\/\/exsitu-congres.com\/charte\/"]}]},{"@type":"BreadcrumbList","@id":"https:\/\/exsitu-congres.com\/charte\/#breadcrumb","itemListElement":[{"@type":"ListItem","position":1,"name":"Accueil","item":"https:\/\/exsitu-congres.com\/"},{"@type":"ListItem","position":2,"name":"Charte"}]},{"@type":"WebSite","@id":"https:\/\/exsitu-congres.com\/#website","url":"https:\/\/exsitu-congres.com\/","name":"Ex-Situ congr\u00e8s","description":"Le congr\u00e8s d\u00e9di\u00e9 \u00e0 l\u2019\u00e9tude des ph\u00e9nom\u00e8nes d\u2019enl\u00e8vements et de rencontres dites exog\u00e8nes","potentialAction":[{"@type":"SearchAction","target":{"@type":"EntryPoint","urlTemplate":"https:\/\/exsitu-congres.com\/?s={search_term_string}"},"query-input":{"@type":"PropertyValueSpecification","valueRequired":true,"valueName":"search_term_string"}}],"inLanguage":"en-GB"}]}},"_links":{"self":[{"href":"https:\/\/exsitu-congres.com\/en\/wp-json\/wp\/v2\/pages\/670","targetHints":{"allow":["GET"]}}],"collection":[{"href":"https:\/\/exsitu-congres.com\/en\/wp-json\/wp\/v2\/pages"}],"about":[{"href":"https:\/\/exsitu-congres.com\/en\/wp-json\/wp\/v2\/types\/page"}],"author":[{"embeddable":true,"href":"https:\/\/exsitu-congres.com\/en\/wp-json\/wp\/v2\/users\/1"}],"replies":[{"embeddable":true,"href":"https:\/\/exsitu-congres.com\/en\/wp-json\/wp\/v2\/comments?post=670"}],"version-history":[{"count":7,"href":"https:\/\/exsitu-congres.com\/en\/wp-json\/wp\/v2\/pages\/670\/revisions"}],"predecessor-version":[{"id":785,"href":"https:\/\/exsitu-congres.com\/en\/wp-json\/wp\/v2\/pages\/670\/revisions\/785"}],"wp:attachment":[{"href":"https:\/\/exsitu-congres.com\/en\/wp-json\/wp\/v2\/media?parent=670"}],"curies":[{"name":"wp","href":"https:\/\/api.w.org\/{rel}","templated":true}]}}