{"id":3,"date":"2024-08-09T15:05:32","date_gmt":"2024-08-09T15:05:32","guid":{"rendered":"https:\/\/exsitu-congres.com\/?page_id=3"},"modified":"2024-09-25T09:17:44","modified_gmt":"2024-09-25T09:17:44","slug":"mentions-legales","status":"publish","type":"page","link":"https:\/\/exsitu-congres.com\/en\/mentions-legales\/","title":{"rendered":"Legal Mentions"},"content":{"rendered":"<div class=\"fusion-fullwidth fullwidth-box fusion-builder-row-1 fusion-flex-container nonhundred-percent-fullwidth non-hundred-percent-height-scrolling\" style=\"--awb-border-radius-top-left:0px;--awb-border-radius-top-right:0px;--awb-border-radius-bottom-right:0px;--awb-border-radius-bottom-left:0px;--awb-flex-wrap:wrap;\" ><div class=\"fusion-builder-row fusion-row fusion-flex-align-items-flex-start fusion-flex-content-wrap\" style=\"max-width:104%;margin-left: calc(-4% \/ 2 );margin-right: calc(-4% \/ 2 );\"><div class=\"fusion-layout-column fusion_builder_column fusion-builder-column-0 fusion_builder_column_1_1 1_1 fusion-flex-column\" style=\"--awb-bg-blend:overlay;--awb-bg-size:cover;--awb-width-large:100%;--awb-margin-top-large:0px;--awb-spacing-right-large:1.92%;--awb-margin-bottom-large:0px;--awb-spacing-left-large:1.92%;--awb-width-medium:100%;--awb-spacing-right-medium:1.92%;--awb-spacing-left-medium:1.92%;--awb-width-small:100%;--awb-spacing-right-small:1.92%;--awb-spacing-left-small:1.92%;\"><div class=\"fusion-column-wrapper fusion-flex-justify-content-flex-start fusion-content-layout-column\"><div class=\"fusion-text fusion-text-1\"><\/p>\n<h2 class=\"wp-block-heading fusion-responsive-typography-calculated\" style=\"color: var(--awb-color3); --fontsize: 110; line-height: 1;\" data-fontsize=\"110\" data-lineheight=\"110px\">Legal Notices and Privacy Policy<\/h2>\n<p><\/p>\n<div><b><span style=\"color: var(--awb-color6);\">Presentation <\/span><\/b><strong class=\"privacy-policy-tutorial\"><span style=\"color: var(--awb-color6);\">:<\/span> <\/strong><span style=\"font-family: var(--awb-text-font-family); font-size: var(--awb-font-size); font-style: var(--awb-text-font-style); letter-spacing: var(--awb-letter-spacing); text-align: var(--awb-content-alignment); text-transform: var(--awb-text-transform);\">The website EXSITU-CONGRES.COM is accessible at www.exsitu-congres.com. It is published by the association Odyss\u00e9e des Terres Inconnues. <\/span><\/div>\n<p><span style=\"font-family: var(--awb-text-font-family); font-size: var(--awb-font-size); font-style: var(--awb-text-font-style); letter-spacing: var(--awb-letter-spacing); text-align: var(--awb-content-alignment); text-transform: var(--awb-text-transform);\">Visitors can contact the team directly at info@exsitu-congres.com.<\/span><\/p>\n<p>In accordance with the French Data Protection Act of January 6, 1978, users have the right to access, rectify, and delete personal data concerning them.<\/p>\n<p>The website is created by the association Odyss\u00e9e des Terres Inconnues.<\/p>\n<p>Publication Director: De\u00efmian<\/p>\n<p>&nbsp;<\/p>\n<p style=\"font-weight: 400;\"><strong style=\"color: var(--awb-color8);\">Intellectual Property<br \/><\/strong><span style=\"font-family: var(--awb-text-font-family); font-size: var(--awb-font-size); font-style: var(--awb-text-font-style); letter-spacing: var(--awb-letter-spacing); text-align: var(--awb-content-alignment); text-transform: var(--awb-text-transform);\">Trademarks, logos, symbols, and any other content are protected under intellectual property law in France.<\/span><\/p>\n<p>EX-SITU is a registered trademark. In accordance with the provisions of the French Intellectual Property Code, the use of content from the site is only allowed for strictly private and personal use, limited to the family circle, and excludes any other use.<\/p>\n<p>Any other use, unless prior authorization from the site is obtained, constitutes infringement and is punishable under intellectual property law.<\/p>\n<p>Any total or partial reproduction of elements from the website without authorization is strictly prohibited.<\/p>\n<p>Users must request prior authorization from the site for any reproduction, publication, or copying of the content.<\/p>\n<p><span style=\"font-family: var(--awb-text-font-family); font-size: var(--awb-font-size); font-style: var(--awb-text-font-style); letter-spacing: var(--awb-letter-spacing); text-align: var(--awb-content-alignment); text-transform: var(--awb-text-transform);\">Any use or copy of the website content for commercial purposes is strictly prohibited.<\/span><\/p>\n<p>&nbsp;<\/p>\n<p><strong class=\"privacy-policy-tutorial\"><span style=\"color: var(--awb-color8);\">About EXSITU-CONGRES.COM<\/span><\/strong><br \/>The interface of our website, available at https:\/\/www.exsitu-congres.com, is designed to relay essential event communications to visitors. EX-SITU is a private conference with limited access and seats.<\/p>\n<p>&nbsp;<\/p>\n<p><strong class=\"privacy-policy-tutorial\"><span style=\"color: var(--awb-color8);\">Privacy Policy<\/span><br \/><\/strong><span style=\"font-family: var(--awb-text-font-family); font-size: var(--awb-font-size); font-style: var(--awb-text-font-style); letter-spacing: var(--awb-letter-spacing); text-align: var(--awb-content-alignment); text-transform: var(--awb-text-transform);\">Each visitor, after visiting our website, leaves information depending on the actions taken. It is possible that a physical person could be identified. We collect and process this personal data.<\/span><\/p>\n<p>EXSITU-CONGRES.COM processes personal data with the utmost respect. All shared information is securely stored. We do not sell or transmit any data to third parties, even event partners.<\/p>\n<p>EXSITU-CONGRES.COM commits to ensuring that the collection and processing of your data, carried out through the website exsitu-congres.com, comply with the General Data Protection Regulation (GDPR). Each form or online service limits the collection of personal data to what is strictly necessary (data minimization principle) and specifies:<br \/>\u2013 The purpose of the collection,<br \/>\u2013 Whether the data is mandatory or optional for processing your request,<br \/>\u2013 Who will have access to it.<\/p>\n<p>Personal data collected for the services offered on exsitu-congres.com are processed according to secure protocols, allowing EX-SITU to manage the requests received via its IT applications.<\/p>\n<p>For any information or exercise of your rights related to data protection regarding personal data processing by EX-SITU, you can contact us at info@exsitu-congres.com.<\/p>\n<p>&nbsp;<\/p>\n<p><strong class=\"privacy-policy-tutorial\"><span style=\"color: var(--awb-color8);\">Newsletter<br \/><\/span><\/strong>To subscribe to the event\u2019s newsletter, you must provide an email address on our website or request it by writing to info@exsitu-congres.com.<\/p>\n<p>This information is securely stored through a newsletter distribution tool, in compliance with the GDPR. The sole purpose of this data storage is to send newsletters directly related to the event and\/or future events proposed by EX-SITU. Only those involved in event communications have access to this data.<\/p>\n<p>You can unsubscribe from the newsletter at any time by clicking the \"Unsubscribe\" link at the bottom of each email you receive.<\/p>\n<p>&nbsp;<\/p>\n<p><span style=\"color: var(--awb-color8);\"><b>Ticketing<\/b><\/span><br \/>Tickets for EX-SITU are available for purchase through the HelloAsso platform for France and billetweb.fr for English speakers. When you order tickets through our website, the personal information you provide (name, first name, email address, phone number, postal code, city, date of birth) is securely stored by EX-SITU. For more information, please refer to our privacy policy. Only EX-SITU and those involved in event communications have access to this data.<\/p>\n<p>&nbsp;<\/p>\n<p><span style=\"color: var(--awb-color8);\"><b>Security<\/b><\/span><br \/>The \"https\" technology is used to encrypt online forms and ensure that all information transmitted between your devices and the website remains confidential. SSL certificates guarantee that the pages you visit are indeed from our website, preventing any fraud.<\/p>\n<p>&nbsp;<\/p>\n<p><span style=\"color: var(--awb-color8);\"><b>Confidentiality of Emails and Your Phone Number<\/b><\/span><br \/>Regarding any email sent to EX-SITU via this site:<br \/>\u2013 The confidentiality of communications transmitted via the Internet is not guaranteed.<br \/>\u2013 Emails are stored on a computer system, at least for the time needed for administration to provide a response or process your request.<br \/>\u2013 EX-SITU commits not to share your phone number with third parties. The French law No. 2014-344 of March 17, 2014, concerning consumer protection allows any person to refuse to be solicited by a professional with whom they do not have an ongoing contractual relationship. The consumer can subscribe, free of charge, at any time to the service for blocking telemarketing calls provided by the government at: bloctel.gouv.fr.<\/p>\n<p>&nbsp;<\/p>\n<p><b><span style=\"color: var(--awb-color8);\">Use of Cookies<\/span><br \/><\/b>The management of orders requires the use of cookies. Non-personal information is stored through this cookie system (text files used to recognize a user and facilitate their use of the site). These cookies have no meaning outside their use on the exsitu-congres.com website.<\/p>\n<p>&nbsp;<\/p>\n<p><b style=\"color: var(--awb-color8);\">Hosting<\/b><br \/>The EXSITU-CONGRES.COM website is hosted by Hostinger International Ltd, 61 Lordou Vironos Str., 6023 Larnaca, Cyprus.<\/p><\/p>\n<\/div><div ><a class=\"fusion-button button-flat button-xlarge button-custom fusion-button-default button-1 fusion-button-default-span fusion-button-default-type\" style=\"--awb-margin-top:30px;--button_accent_color:var(--awb-color6);--button_border_color:var(--awb-color6);--button_accent_hover_color:var(--awb-color1);--button_border_hover_color:var(--awb-color1);--button_gradient_top_color:var(--awb-color4);--button_gradient_bottom_color:var(--awb-color4);--button_gradient_top_color_hover:hsla(var(--awb-color4-h),calc(var(--awb-color4-s) - 4%),calc(var(--awb-color4-l) - 8%),var(--awb-color4-a));--button_gradient_bottom_color_hover:hsla(var(--awb-color4-h),calc(var(--awb-color4-s) - 4%),calc(var(--awb-color4-l) - 8%),var(--awb-color4-a));\" target=\"_self\" href=\"https:\/\/exsitu-congres.com\/en\/\"><span class=\"fusion-button-text awb-button__text awb-button__text--default\">Back to home<\/span><\/a><\/div><\/div><\/div><\/div><\/div>","protected":false},"excerpt":{"rendered":"","protected":false},"author":1,"featured_media":0,"parent":0,"menu_order":0,"comment_status":"closed","ping_status":"open","template":"","meta":{"footnotes":""},"class_list":["post-3","page","type-page","status-publish","hentry"],"yoast_head":"<!-- This site is optimized with the Yoast SEO plugin v27.4 - https:\/\/yoast.com\/product\/yoast-seo-wordpress\/ -->\n<title>Mentions l\u00e9gales - Ex-Situ congr\u00e8s<\/title>\n<meta name=\"description\" content=\"EX-SITU est une marque d\u00e9pos\u00e9e. Conform\u00e9ment aux dispositions du Code de la Propri\u00e9t\u00e9 Intellectuelle, seule l\u2019utilisation des contenus du site pour un usage strictement priv\u00e9 et personnel, limit\u00e9 au cercle familial, est autoris\u00e9e, \u00e0 l\u2019exclusion de toute autre utilisation.\" \/>\n<meta name=\"robots\" content=\"index, follow, max-snippet:-1, max-image-preview:large, max-video-preview:-1\" \/>\n<link rel=\"canonical\" href=\"https:\/\/exsitu-congres.com\/en\/mentions-legales\/\" \/>\n<meta property=\"og:locale\" content=\"en_GB\" \/>\n<meta property=\"og:type\" content=\"article\" \/>\n<meta property=\"og:title\" content=\"Mentions l\u00e9gales - Ex-Situ congr\u00e8s\" \/>\n<meta property=\"og:description\" content=\"EX-SITU est une marque d\u00e9pos\u00e9e. Conform\u00e9ment aux dispositions du Code de la Propri\u00e9t\u00e9 Intellectuelle, seule l\u2019utilisation des contenus du site pour un usage strictement priv\u00e9 et personnel, limit\u00e9 au cercle familial, est autoris\u00e9e, \u00e0 l\u2019exclusion de toute autre utilisation.\" \/>\n<meta property=\"og:url\" content=\"https:\/\/exsitu-congres.com\/en\/mentions-legales\/\" \/>\n<meta property=\"og:site_name\" content=\"Ex-Situ congr\u00e8s\" \/>\n<meta property=\"article:modified_time\" content=\"2024-09-25T09:17:44+00:00\" \/>\n<meta name=\"twitter:card\" content=\"summary_large_image\" \/>\n<meta name=\"twitter:label1\" content=\"Estimated reading time\" \/>\n\t<meta name=\"twitter:data1\" content=\"5 minutes\" \/>\n<script type=\"application\/ld+json\" class=\"yoast-schema-graph\">{\"@context\":\"https:\\\/\\\/schema.org\",\"@graph\":[{\"@type\":\"WebPage\",\"@id\":\"https:\\\/\\\/exsitu-congres.com\\\/mentions-legales\\\/\",\"url\":\"https:\\\/\\\/exsitu-congres.com\\\/mentions-legales\\\/\",\"name\":\"Mentions l\u00e9gales - Ex-Situ congr\u00e8s\",\"isPartOf\":{\"@id\":\"https:\\\/\\\/exsitu-congres.com\\\/#website\"},\"datePublished\":\"2024-08-09T15:05:32+00:00\",\"dateModified\":\"2024-09-25T09:17:44+00:00\",\"description\":\"EX-SITU est une marque d\u00e9pos\u00e9e. Conform\u00e9ment aux dispositions du Code de la Propri\u00e9t\u00e9 Intellectuelle, seule l\u2019utilisation des contenus du site pour un usage strictement priv\u00e9 et personnel, limit\u00e9 au cercle familial, est autoris\u00e9e, \u00e0 l\u2019exclusion de toute autre utilisation.\",\"breadcrumb\":{\"@id\":\"https:\\\/\\\/exsitu-congres.com\\\/mentions-legales\\\/#breadcrumb\"},\"inLanguage\":\"en-GB\",\"potentialAction\":[{\"@type\":\"ReadAction\",\"target\":[\"https:\\\/\\\/exsitu-congres.com\\\/mentions-legales\\\/\"]}]},{\"@type\":\"BreadcrumbList\",\"@id\":\"https:\\\/\\\/exsitu-congres.com\\\/mentions-legales\\\/#breadcrumb\",\"itemListElement\":[{\"@type\":\"ListItem\",\"position\":1,\"name\":\"Accueil\",\"item\":\"https:\\\/\\\/exsitu-congres.com\\\/\"},{\"@type\":\"ListItem\",\"position\":2,\"name\":\"Mentions l\u00e9gales\"}]},{\"@type\":\"WebSite\",\"@id\":\"https:\\\/\\\/exsitu-congres.com\\\/#website\",\"url\":\"https:\\\/\\\/exsitu-congres.com\\\/\",\"name\":\"Ex-Situ congr\u00e8s\",\"description\":\"Le congr\u00e8s d\u00e9di\u00e9 \u00e0 l\u2019\u00e9tude des ph\u00e9nom\u00e8nes d\u2019enl\u00e8vements et de rencontres dites exog\u00e8nes\",\"potentialAction\":[{\"@type\":\"SearchAction\",\"target\":{\"@type\":\"EntryPoint\",\"urlTemplate\":\"https:\\\/\\\/exsitu-congres.com\\\/?s={search_term_string}\"},\"query-input\":{\"@type\":\"PropertyValueSpecification\",\"valueRequired\":true,\"valueName\":\"search_term_string\"}}],\"inLanguage\":\"en-GB\"}]}<\/script>\n<!-- \/ Yoast SEO plugin. -->","yoast_head_json":{"title":"Mentions l\u00e9gales - Ex-Situ congr\u00e8s","description":"EX-SITU is a registered trademark. In accordance with the provisions of the French Intellectual Property Code, the use of content from the site is only allowed for strictly private and personal use, limited to the family circle, and excludes any other use.","robots":{"index":"index","follow":"follow","max-snippet":"max-snippet:-1","max-image-preview":"max-image-preview:large","max-video-preview":"max-video-preview:-1"},"canonical":"https:\/\/exsitu-congres.com\/en\/mentions-legales\/","og_locale":"en_GB","og_type":"article","og_title":"Mentions l\u00e9gales - Ex-Situ congr\u00e8s","og_description":"EX-SITU est une marque d\u00e9pos\u00e9e. Conform\u00e9ment aux dispositions du Code de la Propri\u00e9t\u00e9 Intellectuelle, seule l\u2019utilisation des contenus du site pour un usage strictement priv\u00e9 et personnel, limit\u00e9 au cercle familial, est autoris\u00e9e, \u00e0 l\u2019exclusion de toute autre utilisation.","og_url":"https:\/\/exsitu-congres.com\/en\/mentions-legales\/","og_site_name":"Ex-Situ congr\u00e8s","article_modified_time":"2024-09-25T09:17:44+00:00","twitter_card":"summary_large_image","twitter_misc":{"Estimated reading time":"5 minutes"},"schema":{"@context":"https:\/\/schema.org","@graph":[{"@type":"WebPage","@id":"https:\/\/exsitu-congres.com\/mentions-legales\/","url":"https:\/\/exsitu-congres.com\/mentions-legales\/","name":"Mentions l\u00e9gales - Ex-Situ congr\u00e8s","isPartOf":{"@id":"https:\/\/exsitu-congres.com\/#website"},"datePublished":"2024-08-09T15:05:32+00:00","dateModified":"2024-09-25T09:17:44+00:00","description":"EX-SITU is a registered trademark. In accordance with the provisions of the French Intellectual Property Code, the use of content from the site is only allowed for strictly private and personal use, limited to the family circle, and excludes any other use.","breadcrumb":{"@id":"https:\/\/exsitu-congres.com\/mentions-legales\/#breadcrumb"},"inLanguage":"en-GB","potentialAction":[{"@type":"ReadAction","target":["https:\/\/exsitu-congres.com\/mentions-legales\/"]}]},{"@type":"BreadcrumbList","@id":"https:\/\/exsitu-congres.com\/mentions-legales\/#breadcrumb","itemListElement":[{"@type":"ListItem","position":1,"name":"Accueil","item":"https:\/\/exsitu-congres.com\/"},{"@type":"ListItem","position":2,"name":"Mentions l\u00e9gales"}]},{"@type":"WebSite","@id":"https:\/\/exsitu-congres.com\/#website","url":"https:\/\/exsitu-congres.com\/","name":"Ex-Situ congr\u00e8s","description":"Le congr\u00e8s d\u00e9di\u00e9 \u00e0 l\u2019\u00e9tude des ph\u00e9nom\u00e8nes d\u2019enl\u00e8vements et de rencontres dites exog\u00e8nes","potentialAction":[{"@type":"SearchAction","target":{"@type":"EntryPoint","urlTemplate":"https:\/\/exsitu-congres.com\/?s={search_term_string}"},"query-input":{"@type":"PropertyValueSpecification","valueRequired":true,"valueName":"search_term_string"}}],"inLanguage":"en-GB"}]}},"_links":{"self":[{"href":"https:\/\/exsitu-congres.com\/en\/wp-json\/wp\/v2\/pages\/3","targetHints":{"allow":["GET"]}}],"collection":[{"href":"https:\/\/exsitu-congres.com\/en\/wp-json\/wp\/v2\/pages"}],"about":[{"href":"https:\/\/exsitu-congres.com\/en\/wp-json\/wp\/v2\/types\/page"}],"author":[{"embeddable":true,"href":"https:\/\/exsitu-congres.com\/en\/wp-json\/wp\/v2\/users\/1"}],"replies":[{"embeddable":true,"href":"https:\/\/exsitu-congres.com\/en\/wp-json\/wp\/v2\/comments?post=3"}],"version-history":[{"count":23,"href":"https:\/\/exsitu-congres.com\/en\/wp-json\/wp\/v2\/pages\/3\/revisions"}],"predecessor-version":[{"id":787,"href":"https:\/\/exsitu-congres.com\/en\/wp-json\/wp\/v2\/pages\/3\/revisions\/787"}],"wp:attachment":[{"href":"https:\/\/exsitu-congres.com\/en\/wp-json\/wp\/v2\/media?parent=3"}],"curies":[{"name":"wp","href":"https:\/\/api.w.org\/{rel}","templated":true}]}}