{"id":1579,"date":"2025-05-18T13:39:02","date_gmt":"2025-05-18T13:39:02","guid":{"rendered":"https:\/\/exsitu-congres.com\/?page_id=1579"},"modified":"2025-05-18T13:58:58","modified_gmt":"2025-05-18T13:58:58","slug":"restauration_30juin","status":"publish","type":"page","link":"https:\/\/exsitu-congres.com\/en\/restauration_30juin\/","title":{"rendered":"restauration 30 juin"},"content":{"rendered":"<div class=\"fusion-fullwidth fullwidth-box fusion-builder-row-1 fusion-flex-container nonhundred-percent-fullwidth non-hundred-percent-height-scrolling\" style=\"--awb-border-radius-top-left:0px;--awb-border-radius-top-right:0px;--awb-border-radius-bottom-right:0px;--awb-border-radius-bottom-left:0px;--awb-flex-wrap:wrap;\" ><div class=\"fusion-builder-row fusion-row fusion-flex-align-items-flex-start fusion-flex-content-wrap\" style=\"max-width:104%;margin-left: calc(-4% \/ 2 );margin-right: calc(-4% \/ 2 );\"><div class=\"fusion-layout-column fusion_builder_column fusion-builder-column-0 fusion_builder_column_1_1 1_1 fusion-flex-column\" style=\"--awb-bg-blend:overlay;--awb-bg-size:cover;--awb-width-large:100%;--awb-margin-top-large:0px;--awb-spacing-right-large:1.92%;--awb-margin-bottom-large:0px;--awb-spacing-left-large:1.92%;--awb-width-medium:100%;--awb-spacing-right-medium:1.92%;--awb-spacing-left-medium:1.92%;--awb-width-small:100%;--awb-spacing-right-small:1.92%;--awb-spacing-left-small:1.92%;\"><div class=\"fusion-column-wrapper fusion-flex-justify-content-flex-start fusion-content-layout-column\"><div class=\"fusion-form fusion-form-builder fusion-form-form-wrapper fusion-form-1581\" style=\"--awb-tooltip-text-color:var(--awb-color6);--awb-tooltip-background-color:var(--awb-color6);--awb-form-bg-color:var(--awb-color1);--awb-form-font-size:17px;--awb-form-placeholder-color:var(--awb-color6);--awb-form-text-color:var(--awb-color6);--awb-form-label-color:var(--awb-color6);--awb-form-border-color:var(--awb-color6);--awb-form-focus-border-color:var(--awb-color6);--awb-form-focus-border-hover-color:hsla(var(--awb-color6-h),var(--awb-color6-s),var(--awb-color6-l),calc(var(--awb-color6-a) - 50%));\" data-form-id=\"1581\" data-config=\"{&quot;form_id&quot;:&quot;1581&quot;,&quot;form_post_id&quot;:&quot;1581&quot;,&quot;post_id&quot;:1579,&quot;form_type&quot;:&quot;ajax&quot;,&quot;confirmation_type&quot;:&quot;message&quot;,&quot;redirect_url&quot;:&quot;&quot;,&quot;redirect_timeout&quot;:&quot;0&quot;,&quot;field_labels&quot;:{&quot;participation&quot;:&quot;Je participe au d\\u00e9jeuner du lundi 30 juin&quot;,&quot;nom_prenom&quot;:&quot;&quot;,&quot;accompagnee&quot;:&quot;Vous serez accompagn\\u00e9 ?&quot;,&quot;je_suis_:&quot;:&quot;Je suis :&quot;,&quot;plat_principal&quot;:&quot;PLAT PRINCIPAL (servi avec un accompagnement)&quot;,&quot;dessert&quot;:&quot;D\\u00c9SSERT&quot;},&quot;field_logics&quot;:{&quot;participation&quot;:&quot;&quot;,&quot;nom_prenom&quot;:&quot;&quot;,&quot;accompagnee&quot;:&quot;&quot;,&quot;je_suis_:&quot;:&quot;&quot;,&quot;plat_principal&quot;:&quot;&quot;,&quot;dessert&quot;:&quot;&quot;,&quot;submit_1&quot;:&quot;&quot;,&quot;notice_1&quot;:&quot;&quot;},&quot;field_types&quot;:{&quot;participation&quot;:&quot;radio&quot;,&quot;nom_prenom&quot;:&quot;text&quot;,&quot;accompagnee&quot;:&quot;text&quot;,&quot;je_suis_:&quot;:&quot;select&quot;,&quot;plat_principal&quot;:&quot;select&quot;,&quot;dessert&quot;:&quot;select&quot;,&quot;submit_1&quot;:&quot;submit&quot;,&quot;notice_1&quot;:&quot;notice&quot;},&quot;nonce_method&quot;:&quot;ajax&quot;,&quot;form_views&quot;:&quot;ajax&quot;,&quot;form_views_counting&quot;:&quot;all&quot;}\"><form action=\"https:\/\/exsitu-congres.com\/en\/restauration_30juin\/\" method=\"post\" class=\"fusion-form fusion-form-1581\" data-trp-original-action=\"https:\/\/exsitu-congres.com\/en\/restauration_30juin\/\"><div class=\"fusion-fullwidth fullwidth-box fusion-builder-row-1-1 fusion-flex-container has-pattern-background has-mask-background nonhundred-percent-fullwidth non-hundred-percent-height-scrolling\" style=\"--awb-border-radius-top-left:0px;--awb-border-radius-top-right:0px;--awb-border-radius-bottom-right:0px;--awb-border-radius-bottom-left:0px;--awb-flex-wrap:wrap;\" ><div class=\"fusion-builder-row fusion-row fusion-flex-align-items-flex-start fusion-flex-content-wrap\" style=\"width:104% !important;max-width:104% !important;margin-left: calc(-4% \/ 2 );margin-right: calc(-4% \/ 2 );\"><div class=\"fusion-layout-column fusion_builder_column fusion-builder-column-1 fusion_builder_column_1_1 1_1 fusion-flex-column\" style=\"--awb-padding-top:21px;--awb-padding-right:21px;--awb-padding-left:20px;--awb-bg-color:rgba(229,229,229,0.48);--awb-bg-color-hover:rgba(229,229,229,0.48);--awb-bg-size:cover;--awb-width-large:100%;--awb-flex-grow:0;--awb-flex-shrink:0;--awb-margin-top-large:0px;--awb-spacing-right-large:1.92%;--awb-margin-bottom-large:20px;--awb-spacing-left-large:1.728%;--awb-width-medium:100%;--awb-order-medium:0;--awb-flex-grow-medium:0;--awb-flex-shrink-medium:0;--awb-spacing-right-medium:1.92%;--awb-spacing-left-medium:1.92%;--awb-width-small:100%;--awb-order-small:0;--awb-flex-grow-small:0;--awb-flex-shrink-small:0;--awb-spacing-right-small:1.92%;--awb-spacing-left-small:1.92%;\"><div class=\"fusion-column-wrapper fusion-column-has-shadow fusion-flex-justify-content-flex-start fusion-content-layout-column\"><div class=\"fusion-title title fusion-title-1 fusion-title-text fusion-title-size-three\" style=\"--awb-margin-top-small:0px;--awb-margin-right-small:0px;--awb-margin-bottom-small:20px;--awb-margin-left-small:0px;\"><div class=\"title-sep-container title-sep-container-left fusion-no-large-visibility fusion-no-medium-visibility fusion-no-small-visibility\"><div class=\"title-sep sep- sep-solid\" style=\"border-color:hsla(var(--awb-color3-h),calc( var(--awb-color3-s) + 3% ),var(--awb-color3-l),var(--awb-color3-a));\"><\/div><\/div><span class=\"awb-title-spacer fusion-no-large-visibility fusion-no-medium-visibility fusion-no-small-visibility\"><\/span><h3 class=\"fusion-title-heading title-heading-left fusion-responsive-typography-calculated\" style=\"margin:0;--fontSize:36;line-height:var(--awb-typography2-line-height);\">RESTAURATION DU LUNDI 30 JUIN<\/h3><span class=\"awb-title-spacer\"><\/span><div class=\"title-sep-container title-sep-container-right\"><div class=\"title-sep sep- sep-solid\" style=\"border-color:hsla(var(--awb-color3-h),calc( var(--awb-color3-s) + 3% ),var(--awb-color3-l),var(--awb-color3-a));\"><\/div><\/div><\/div><div class=\"fusion-text fusion-text-1\" style=\"--awb-text-color:var(--awb-color6);\"><p>Cette page est r\u00e9serv\u00e9e aux participants de la journ\u00e9e de visite du lundi 30 juin \u00e0 Rennes-le-Ch\u00e2teau et ses environs. Les participants ayant achet\u00e9 2 PASS RR5 doivent faire remplir ce formulaire par la personne qui les accompagne. Pour des raisons de confidentialit\u00e9, le programme et le lieu du d\u00e9jeuner sont tenus secrets jusqu'au dimanche 29 juin. Une enveloppe vous sera remise avec votre planche d'exposition en fin de journ\u00e9e, contenant tous les d\u00e9tails du lieu de rendez-vous, du programme, etc.<\/p>\n<p>Pour des raisons de commodit\u00e9 et afin de ne pas perdre de temps lors des visites de l'apr\u00e8s-midi, un menu vous est propos\u00e9 au tarif de 24 euros par personne, comprenant 3 plats au choix, un dessert et un caf\u00e9.<\/p>\n<p><span style=\"font-family: var(--awb-text-font-family); font-size: var(--awb-font-size); font-style: var(--awb-text-font-style); letter-spacing: var(--awb-letter-spacing); text-align: var(--awb-content-alignment); text-transform: var(--awb-text-transform);\">Ce formulaire doit nous \u00eatre retourn\u00e9 d\u00e8s que possible.<\/span><span style=\"font-family: var(--awb-text-font-family); font-size: var(--awb-font-size); font-style: var(--awb-text-font-style); letter-spacing: var(--awb-letter-spacing); text-align: var(--awb-content-alignment); text-transform: var(--awb-text-transform);\">.<\/span><\/p>\n<\/div>\n<div class=\"fusion-alert alert custom alert-custom fusion-alert-center fusion-alert-capitalize awb-alert-native-link-color alert-dismissable awb-alert-close-boxed\" style=\"--awb-background-color:var(--awb-color4);--awb-accent-color:var(--awb-color6);--awb-border-size:1px;--awb-border-top-left-radius:0px;--awb-border-top-right-radius:0px;--awb-border-bottom-left-radius:0px;--awb-border-bottom-right-radius:0px;\" role=\"alert\"><div class=\"fusion-alert-content-wrapper\"><span class=\"alert-icon\"><i class=\"fa-utensils fas\" aria-hidden=\"true\"><\/i><\/span><span class=\"fusion-alert-content\"><div class=\"elementToProof\">menu PROPOS\u00c9 \u00e0 24\u20ac<\/div>\r\n<div class=\"elementToProof\">Plat + dessert + caf\u00e9<\/div><\/span><\/div><button style=\"color:var(--awb-color6);border-color:var(--awb-color6);\" type=\"button\" class=\"close toggle-alert\" data-dismiss=\"alert\" aria-label=\"Close\">&times;<\/button><\/div><div class=\"fusion-form-field fusion-form-radio-field fusion-form-label-above\" style=\"\" data-form-id=\"1581\"><fieldset><legend class=\"fusion-form-label-wrapper\"><span class=\"label\">Je participe au d\u00e9jeuner du lundi 30 juin <abbr class=\"fusion-form-element-required\" title=\"required\">*<\/abbr><\/span><\/legend><div class=\"fusion-form-radio\"><input tabindex=\"\" id=\"radio-participation-1-0\" type=\"radio\" value=\"OUI\" name=\"participation\" class=\"fusion-form-input\" required=\"true\" aria-required=\"true\" data-holds-private-data=\"false\"\/><label for=\"radio-participation-1-0\">OUI<\/label><\/div><div class=\"fusion-form-radio\"><input tabindex=\"\" id=\"radio-participation-1-1\" type=\"radio\" value=\"NON\" name=\"participation\" class=\"fusion-form-input\" required=\"true\" aria-required=\"true\" data-holds-private-data=\"false\"\/><label for=\"radio-participation-1-1\">NON<\/label><\/div><\/fieldset><\/div><div class=\"fusion-form-field fusion-form-text-field fusion-form-label-above\" style=\"\" data-form-id=\"1581\"><input type=\"text\" autocomplete=\"off\" name=\"nom_prenom\" id=\"nom_prenom\" value=\"\"  class=\"fusion-form-input\" required=\"true\" aria-required=\"true\" placeholder=\"Nom \/ pr\u00e9nom *\" data-holds-private-data=\"false\" minlength=\"0\"\/><\/div><div class=\"fusion-form-field fusion-form-text-field fusion-form-label-above\" style=\"\" data-form-id=\"1581\"><div class=\"fusion-form-label-wrapper\"><label for=\"accompagnee\">Vous serez accompagn\u00e9 ?<\/label><\/div><input type=\"text\" autocomplete=\"off\" name=\"accompagnee\" id=\"accompagnee\" value=\"\"  class=\"fusion-form-input\" placeholder=\"Merci d&#039;indiquer le nom et pr\u00e9nom de la personne qui sera \u00e0 vos c\u00f4t\u00e9s \" data-holds-private-data=\"false\" minlength=\"0\"\/><\/div><div class=\"fusion-form-field fusion-form-select-field fusion-form-label-above\" style=\"\" data-form-id=\"1581\"><label for=\"je_suis_:\">Je suis : <abbr class=\"fusion-form-element-required\" title=\"required\">*<\/abbr><\/label><div class=\"fusion-select-wrapper\"><select autocomplete=\"off\" tabindex=\"\" id=\"je_suis_:\" name=\"je_suis_:\" class=\"fusion-form-input\" required=\"true\" aria-required=\"true\" data-holds-private-data=\"false\"><option value=\"\" disabled selected>S\u00e9lectionnez<\/option><option value=\"D\u00e9tenteur d'un PASS RR5\" >D\u00e9tenteur d'un PASS RR5<\/option><option value=\"Conf\u00e9rencier \/ invit\u00e9\" >Conf\u00e9rencier \/ invit\u00e9<\/option><option value=\"\u00c9quipe b\u00e9n\u00e9vole\" >\u00c9quipe b\u00e9n\u00e9vole<\/option><\/select><div class=\"select-arrow\"><svg width=\"12\" height=\"8\" viewbox=\"0 0 12 8\" fill=\"none\" xmlns=\"http:\/\/www.w3.org\/2000\/svg\"> <path d=\"M1.5 1.75L6 6.25L10.5 1.75\" stroke=\"#6D6D6D\" stroke-width=\"2\" stroke-linecap=\"round\" stroke-linejoin=\"round\"\/> <\/svg><\/div><\/div><\/div><div class=\"fusion-separator\" style=\"align-self: center;margin-left: auto;margin-right: auto;margin-top:30px;margin-bottom:30px;width:100%;max-width:250px;\"><div class=\"fusion-separator-border sep-single sep-solid\" style=\"--awb-height:20px;--awb-amount:20px;--awb-sep-color:var(--awb-color5);border-color:var(--awb-color5);border-top-width:1px;\"><\/div><\/div><div class=\"fusion-title title fusion-title-2 fusion-title-text fusion-title-size-three\" style=\"--awb-margin-top-small:0px;--awb-margin-right-small:0px;--awb-margin-bottom-small:20px;--awb-margin-left-small:0px;\"><div class=\"title-sep-container title-sep-container-left fusion-no-large-visibility fusion-no-medium-visibility fusion-no-small-visibility\"><div class=\"title-sep sep- sep-solid\" style=\"border-color:hsla(var(--awb-color3-h),calc( var(--awb-color3-s) + 3% ),var(--awb-color3-l),var(--awb-color3-a));\"><\/div><\/div><span class=\"awb-title-spacer fusion-no-large-visibility fusion-no-medium-visibility fusion-no-small-visibility\"><\/span><h3 class=\"fusion-title-heading title-heading-left fusion-responsive-typography-calculated\" style=\"margin:0;--fontSize:36;line-height:var(--awb-typography2-line-height);\">VOTRE D\u00c9JEUNER<\/h3><span class=\"awb-title-spacer\"><\/span><div class=\"title-sep-container title-sep-container-right\"><div class=\"title-sep sep- sep-solid\" style=\"border-color:hsla(var(--awb-color3-h),calc( var(--awb-color3-s) + 3% ),var(--awb-color3-l),var(--awb-color3-a));\"><\/div><\/div><\/div><div class=\"fusion-form-field fusion-form-select-field fusion-form-label-above\" style=\"\" data-form-id=\"1581\"><label for=\"plat_principal\">PLAT PRINCIPAL (servi avec un accompagnement) <abbr class=\"fusion-form-element-required\" title=\"required\">*<\/abbr><\/label><div class=\"fusion-form-input-with-icon\"><i class=\"fa-angle-down fas\"><\/i><div class=\"fusion-select-wrapper\"><select autocomplete=\"off\" tabindex=\"\" id=\"plat_principal\" name=\"plat_principal\" class=\"fusion-form-input\" required=\"true\" aria-required=\"true\" data-holds-private-data=\"false\"><option value=\"S\u00e9lectionnez\"  selected>S\u00e9lectionnez<\/option><option value=\"Steak de thon grill\u00e9\" >Steak de thon grill\u00e9<\/option><option value=\"Cassoulet\" >Cassoulet<\/option><option value=\"Faux filet grill\u00e9\" >Faux filet grill\u00e9<\/option><option value=\"Assiette v\u00e9g\u00e9tarienne (assortiment de l\u00e9gumes, etc).\" >Assiette v\u00e9g\u00e9tarienne (assortiment de l\u00e9gumes, etc).<\/option><\/select><div class=\"select-arrow\"><svg width=\"12\" height=\"8\" viewbox=\"0 0 12 8\" fill=\"none\" xmlns=\"http:\/\/www.w3.org\/2000\/svg\"> <path d=\"M1.5 1.75L6 6.25L10.5 1.75\" stroke=\"#6D6D6D\" stroke-width=\"2\" stroke-linecap=\"round\" stroke-linejoin=\"round\"\/> <\/svg><\/div><\/div><\/div><\/div><div class=\"fusion-form-field fusion-form-select-field fusion-form-label-above\" style=\"\" data-form-id=\"1581\"><label for=\"dessert\">D\u00c9SSERT <abbr class=\"fusion-form-element-required\" title=\"required\">*<\/abbr><\/label><div class=\"fusion-form-input-with-icon\"><i class=\"fa-angle-down fas\"><\/i><div class=\"fusion-select-wrapper\"><select autocomplete=\"off\" tabindex=\"\" id=\"dessert\" name=\"dessert\" class=\"fusion-form-input\" required=\"true\" aria-required=\"true\" data-holds-private-data=\"false\"><option value=\"S\u00e9lectionnez\" >S\u00e9lectionnez<\/option><option value=\"Brownie au chocolat\" >Brownie au chocolat<\/option><option value=\"Tarte aux pommes\" >Tarte aux pommes<\/option><\/select><div class=\"select-arrow\"><svg width=\"12\" height=\"8\" viewbox=\"0 0 12 8\" fill=\"none\" xmlns=\"http:\/\/www.w3.org\/2000\/svg\"> <path d=\"M1.5 1.75L6 6.25L10.5 1.75\" stroke=\"#6D6D6D\" stroke-width=\"2\" stroke-linecap=\"round\" stroke-linejoin=\"round\"\/> <\/svg><\/div><\/div><\/div><\/div><div class=\"fusion-form-field fusion-form-submit-field fusion-form-label-above\" style=\"\" data-form-id=\"1581\"><div ><button type=\"submit\" class=\"fusion-button button-flat button-xlarge button-custom fusion-button-default button-1 fusion-button-default-span  button-default form-form-submit\" style=\"--button_accent_color:var(--awb-color6);--button_accent_hover_color:var(--awb-color1);--button_border_hover_color:var(--awb-color1);--button_gradient_top_color:var(--awb-color4);--button_gradient_bottom_color:var(--awb-color4);--button_gradient_top_color_hover:hsla(var(--awb-color4-h),calc(var(--awb-color4-s) - 4%),calc(var(--awb-color4-l) - 8%),var(--awb-color4-a));--button_gradient_bottom_color_hover:hsla(var(--awb-color4-h),calc(var(--awb-color4-s) - 4%),calc(var(--awb-color4-l) - 8%),var(--awb-color4-a));\" data-form-number=\"1581\" tabindex=\"\"><span class=\"fusion-button-text awb-button__text awb-button__text--default\">ENVOYER<\/span><\/button><\/div><\/div><div class=\"form-submission-notices data-notice_1\" id=\"fusion-notices-1\" data-instance=\"1\"><div class=\"fusion-alert alert success alert-success fusion-alert-center fusion-form-response fusion-form-response-success fusion-alert-capitalize awb-alert-native-link-color alert-dismissable awb-alert-close-boxed\" role=\"alert\"><div class=\"fusion-alert-content-wrapper\"><span class=\"alert-icon\"><i class=\"awb-icon-check-circle\" aria-hidden=\"true\"><\/i><\/span><span class=\"fusion-alert-content\">Merci d'avoir not\u00e9 au pr\u00e9alable votre choix de menu. Votre menu nous est bien parvenu.<\/span><\/div><button type=\"button\" class=\"close toggle-alert\" data-dismiss=\"alert\" aria-label=\"Close\">&times;<\/button><\/div><div class=\"fusion-alert alert error alert-danger fusion-alert-center fusion-form-response fusion-form-response-error fusion-alert-capitalize awb-alert-native-link-color alert-dismissable awb-alert-close-boxed\" role=\"alert\"><div class=\"fusion-alert-content-wrapper\"><span class=\"alert-icon\"><i class=\"awb-icon-exclamation-triangle\" aria-hidden=\"true\"><\/i><\/span><span class=\"fusion-alert-content\">Une erreur s'est produite, merci de r\u00e9 essayer ou de nous \u00e9crire \u00e0 visit@exsitu-congres.com<\/span><\/div><button type=\"button\" class=\"close toggle-alert\" data-dismiss=\"alert\" aria-label=\"Close\">&times;<\/button><\/div><\/div><div class=\"fusion-builder-row fusion-builder-row-inner fusion-row fusion-flex-align-items-flex-start fusion-flex-content-wrap\" style=\"--awb-flex-grow:0;--awb-flex-grow-medium:0;--awb-flex-grow-small:0;--awb-flex-shrink:0;--awb-flex-shrink-medium:0;--awb-flex-shrink-small:0;width:104% !important;max-width:104% !important;margin-left: calc(-4% \/ 2 );margin-right: calc(-4% \/ 2 );\"><div class=\"fusion-layout-column fusion_builder_column_inner fusion-builder-nested-column-0 fusion_builder_column_inner_1_1 1_1 fusion-flex-column\" style=\"--awb-bg-size:cover;--awb-width-large:100%;--awb-margin-top-large:0px;--awb-spacing-right-large:1.92%;--awb-margin-bottom-large:20px;--awb-spacing-left-large:1.92%;--awb-width-medium:100%;--awb-order-medium:0;--awb-spacing-right-medium:1.92%;--awb-spacing-left-medium:1.92%;--awb-width-small:100%;--awb-order-small:0;--awb-spacing-right-small:1.92%;--awb-spacing-left-small:1.92%;\"><div class=\"fusion-column-wrapper fusion-column-has-shadow fusion-flex-justify-content-flex-start fusion-content-layout-column\"><\/div><\/div><\/div><\/div><\/div><\/div><\/div><input type=\"hidden\" name=\"fusion_privacy_expiration_interval\" value=\"48\"><input type=\"hidden\" name=\"privacy_expiration_action\" value=\"anonymize\"><input type=\"hidden\" name=\"trp-form-language\" value=\"en\"\/><\/form><\/div><\/div><\/div><\/div><\/div>","protected":false},"excerpt":{"rendered":"","protected":false},"author":1,"featured_media":0,"parent":0,"menu_order":0,"comment_status":"closed","ping_status":"closed","template":"","meta":{"footnotes":""},"class_list":["post-1579","page","type-page","status-publish","hentry"],"yoast_head":"<!-- This site is optimized with the Yoast SEO plugin v27.5 - https:\/\/yoast.com\/product\/yoast-seo-wordpress\/ -->\n<title>restauration 30 juin - Ex-Situ congr\u00e8s<\/title>\n<meta name=\"description\" content=\"Ex-Situ Congres - conditions g\u00e9n\u00e9rales de ventes. Le service de billetterie propos\u00e9 par EX-SITU et accessible sur le site www.exsitu-congres.com est assur\u00e9 par HelloAsso et Billetweb.fr.\" \/>\n<meta name=\"robots\" content=\"index, follow, max-snippet:-1, max-image-preview:large, max-video-preview:-1\" \/>\n<link rel=\"canonical\" href=\"https:\/\/exsitu-congres.com\/en\/restauration_30juin\/\" \/>\n<meta property=\"og:locale\" content=\"en_GB\" \/>\n<meta property=\"og:type\" content=\"article\" \/>\n<meta property=\"og:title\" content=\"restauration 30 juin - Ex-Situ congr\u00e8s\" \/>\n<meta property=\"og:description\" content=\"Ex-Situ Congres - conditions g\u00e9n\u00e9rales de ventes. Le service de billetterie propos\u00e9 par EX-SITU et accessible sur le site www.exsitu-congres.com est assur\u00e9 par HelloAsso et Billetweb.fr.\" \/>\n<meta property=\"og:url\" content=\"https:\/\/exsitu-congres.com\/en\/restauration_30juin\/\" \/>\n<meta property=\"og:site_name\" content=\"Ex-Situ congr\u00e8s\" \/>\n<meta property=\"article:modified_time\" content=\"2025-05-18T13:58:58+00:00\" \/>\n<meta name=\"twitter:card\" content=\"summary_large_image\" \/>\n<meta name=\"twitter:label1\" content=\"Estimated reading time\" \/>\n\t<meta name=\"twitter:data1\" content=\"4 minutes\" \/>\n<script type=\"application\/ld+json\" class=\"yoast-schema-graph\">{\"@context\":\"https:\\\/\\\/schema.org\",\"@graph\":[{\"@type\":\"WebPage\",\"@id\":\"https:\\\/\\\/exsitu-congres.com\\\/restauration_30juin\\\/\",\"url\":\"https:\\\/\\\/exsitu-congres.com\\\/restauration_30juin\\\/\",\"name\":\"restauration 30 juin - Ex-Situ congr\u00e8s\",\"isPartOf\":{\"@id\":\"https:\\\/\\\/exsitu-congres.com\\\/#website\"},\"datePublished\":\"2025-05-18T13:39:02+00:00\",\"dateModified\":\"2025-05-18T13:58:58+00:00\",\"description\":\"Ex-Situ Congres - conditions g\u00e9n\u00e9rales de ventes. Le service de billetterie propos\u00e9 par EX-SITU et accessible sur le site www.exsitu-congres.com est assur\u00e9 par HelloAsso et Billetweb.fr.\",\"breadcrumb\":{\"@id\":\"https:\\\/\\\/exsitu-congres.com\\\/restauration_30juin\\\/#breadcrumb\"},\"inLanguage\":\"en-GB\",\"potentialAction\":[{\"@type\":\"ReadAction\",\"target\":[\"https:\\\/\\\/exsitu-congres.com\\\/restauration_30juin\\\/\"]}]},{\"@type\":\"BreadcrumbList\",\"@id\":\"https:\\\/\\\/exsitu-congres.com\\\/restauration_30juin\\\/#breadcrumb\",\"itemListElement\":[{\"@type\":\"ListItem\",\"position\":1,\"name\":\"Accueil\",\"item\":\"https:\\\/\\\/exsitu-congres.com\\\/\"},{\"@type\":\"ListItem\",\"position\":2,\"name\":\"restauration 30 juin\"}]},{\"@type\":\"WebSite\",\"@id\":\"https:\\\/\\\/exsitu-congres.com\\\/#website\",\"url\":\"https:\\\/\\\/exsitu-congres.com\\\/\",\"name\":\"Ex-Situ congr\u00e8s\",\"description\":\"Le congr\u00e8s d\u00e9di\u00e9 \u00e0 l\u2019\u00e9tude des ph\u00e9nom\u00e8nes d\u2019enl\u00e8vements et de rencontres dites exog\u00e8nes\",\"potentialAction\":[{\"@type\":\"SearchAction\",\"target\":{\"@type\":\"EntryPoint\",\"urlTemplate\":\"https:\\\/\\\/exsitu-congres.com\\\/?s={search_term_string}\"},\"query-input\":{\"@type\":\"PropertyValueSpecification\",\"valueRequired\":true,\"valueName\":\"search_term_string\"}}],\"inLanguage\":\"en-GB\"}]}<\/script>\n<!-- \/ Yoast SEO plugin. -->","yoast_head_json":{"title":"restauration 30 juin - Ex-Situ congr\u00e8s","description":"Ex-Situ Congres - conditions g\u00e9n\u00e9rales de ventes. Le service de billetterie propos\u00e9 par EX-SITU et accessible sur le site www.exsitu-congres.com est assur\u00e9 par HelloAsso et Billetweb.fr.","robots":{"index":"index","follow":"follow","max-snippet":"max-snippet:-1","max-image-preview":"max-image-preview:large","max-video-preview":"max-video-preview:-1"},"canonical":"https:\/\/exsitu-congres.com\/en\/restauration_30juin\/","og_locale":"en_GB","og_type":"article","og_title":"restauration 30 juin - Ex-Situ congr\u00e8s","og_description":"Ex-Situ Congres - conditions g\u00e9n\u00e9rales de ventes. Le service de billetterie propos\u00e9 par EX-SITU et accessible sur le site www.exsitu-congres.com est assur\u00e9 par HelloAsso et Billetweb.fr.","og_url":"https:\/\/exsitu-congres.com\/en\/restauration_30juin\/","og_site_name":"Ex-Situ congr\u00e8s","article_modified_time":"2025-05-18T13:58:58+00:00","twitter_card":"summary_large_image","twitter_misc":{"Estimated reading time":"4 minutes"},"schema":{"@context":"https:\/\/schema.org","@graph":[{"@type":"WebPage","@id":"https:\/\/exsitu-congres.com\/restauration_30juin\/","url":"https:\/\/exsitu-congres.com\/restauration_30juin\/","name":"restauration 30 juin - Ex-Situ congr\u00e8s","isPartOf":{"@id":"https:\/\/exsitu-congres.com\/#website"},"datePublished":"2025-05-18T13:39:02+00:00","dateModified":"2025-05-18T13:58:58+00:00","description":"Ex-Situ Congres - conditions g\u00e9n\u00e9rales de ventes. Le service de billetterie propos\u00e9 par EX-SITU et accessible sur le site www.exsitu-congres.com est assur\u00e9 par HelloAsso et Billetweb.fr.","breadcrumb":{"@id":"https:\/\/exsitu-congres.com\/restauration_30juin\/#breadcrumb"},"inLanguage":"en-GB","potentialAction":[{"@type":"ReadAction","target":["https:\/\/exsitu-congres.com\/restauration_30juin\/"]}]},{"@type":"BreadcrumbList","@id":"https:\/\/exsitu-congres.com\/restauration_30juin\/#breadcrumb","itemListElement":[{"@type":"ListItem","position":1,"name":"Accueil","item":"https:\/\/exsitu-congres.com\/"},{"@type":"ListItem","position":2,"name":"restauration 30 juin"}]},{"@type":"WebSite","@id":"https:\/\/exsitu-congres.com\/#website","url":"https:\/\/exsitu-congres.com\/","name":"Ex-Situ congr\u00e8s","description":"Le congr\u00e8s d\u00e9di\u00e9 \u00e0 l\u2019\u00e9tude des ph\u00e9nom\u00e8nes d\u2019enl\u00e8vements et de rencontres dites exog\u00e8nes","potentialAction":[{"@type":"SearchAction","target":{"@type":"EntryPoint","urlTemplate":"https:\/\/exsitu-congres.com\/?s={search_term_string}"},"query-input":{"@type":"PropertyValueSpecification","valueRequired":true,"valueName":"search_term_string"}}],"inLanguage":"en-GB"}]}},"_links":{"self":[{"href":"https:\/\/exsitu-congres.com\/en\/wp-json\/wp\/v2\/pages\/1579","targetHints":{"allow":["GET"]}}],"collection":[{"href":"https:\/\/exsitu-congres.com\/en\/wp-json\/wp\/v2\/pages"}],"about":[{"href":"https:\/\/exsitu-congres.com\/en\/wp-json\/wp\/v2\/types\/page"}],"author":[{"embeddable":true,"href":"https:\/\/exsitu-congres.com\/en\/wp-json\/wp\/v2\/users\/1"}],"replies":[{"embeddable":true,"href":"https:\/\/exsitu-congres.com\/en\/wp-json\/wp\/v2\/comments?post=1579"}],"version-history":[{"count":2,"href":"https:\/\/exsitu-congres.com\/en\/wp-json\/wp\/v2\/pages\/1579\/revisions"}],"predecessor-version":[{"id":1582,"href":"https:\/\/exsitu-congres.com\/en\/wp-json\/wp\/v2\/pages\/1579\/revisions\/1582"}],"wp:attachment":[{"href":"https:\/\/exsitu-congres.com\/en\/wp-json\/wp\/v2\/media?parent=1579"}],"curies":[{"name":"wp","href":"https:\/\/api.w.org\/{rel}","templated":true}]}}