{"id":1539,"date":"2025-03-08T19:26:35","date_gmt":"2025-03-08T19:26:35","guid":{"rendered":"https:\/\/exsitu-congres.com\/?page_id=1539"},"modified":"2025-03-23T12:28:11","modified_gmt":"2025-03-23T12:28:11","slug":"medias","status":"publish","type":"page","link":"https:\/\/exsitu-congres.com\/en\/medias\/","title":{"rendered":"M\u00e9dias"},"content":{"rendered":"<div class=\"fusion-fullwidth fullwidth-box fusion-builder-row-1 fusion-flex-container nonhundred-percent-fullwidth non-hundred-percent-height-scrolling\" style=\"--awb-border-radius-top-left:0px;--awb-border-radius-top-right:0px;--awb-border-radius-bottom-right:0px;--awb-border-radius-bottom-left:0px;--awb-flex-wrap:wrap;\" ><div class=\"fusion-builder-row fusion-row fusion-flex-align-items-flex-start fusion-flex-content-wrap\" style=\"max-width:104%;margin-left: calc(-4% \/ 2 );margin-right: calc(-4% \/ 2 );\"><div class=\"fusion-layout-column fusion_builder_column fusion-builder-column-0 fusion_builder_column_1_1 1_1 fusion-flex-column\" style=\"--awb-padding-top:24px;--awb-bg-blend:overlay;--awb-bg-size:cover;--awb-width-large:100%;--awb-margin-top-large:0px;--awb-spacing-right-large:1.92%;--awb-margin-bottom-large:0px;--awb-spacing-left-large:1.92%;--awb-width-medium:100%;--awb-spacing-right-medium:1.92%;--awb-spacing-left-medium:1.92%;--awb-width-small:100%;--awb-spacing-right-small:1.92%;--awb-spacing-left-small:1.92%;\"><div class=\"fusion-column-wrapper fusion-flex-justify-content-flex-start fusion-content-layout-column\"><div class=\"fusion-title title fusion-title-1 fusion-title-text fusion-title-size-one\" style=\"--awb-margin-top-small:0px;--awb-margin-right-small:0px;--awb-margin-bottom-small:20px;--awb-margin-left-small:0px;\"><div class=\"title-sep-container title-sep-container-left fusion-no-large-visibility fusion-no-medium-visibility fusion-no-small-visibility\"><div class=\"title-sep sep- sep-solid\" style=\"border-color:hsla(var(--awb-color3-h),calc( var(--awb-color3-s) + 3% ),var(--awb-color3-l),var(--awb-color3-a));\"><\/div><\/div><span class=\"awb-title-spacer fusion-no-large-visibility fusion-no-medium-visibility fusion-no-small-visibility\"><\/span><h1 class=\"fusion-title-heading title-heading-left fusion-responsive-typography-calculated\" style=\"margin:0;--fontSize:72;line-height:1;\">M\u00e9dias<\/h1><span class=\"awb-title-spacer\"><\/span><div class=\"title-sep-container title-sep-container-right\"><div class=\"title-sep sep- sep-solid\" style=\"border-color:hsla(var(--awb-color3-h),calc( var(--awb-color3-s) + 3% ),var(--awb-color3-l),var(--awb-color3-a));\"><\/div><\/div><\/div><\/div><\/div><div class=\"fusion-layout-column fusion_builder_column fusion-builder-column-1 fusion_builder_column_1_1 1_1 fusion-flex-column\" style=\"--awb-padding-top:15px;--awb-padding-right:15px;--awb-padding-bottom:15px;--awb-padding-left:15px;--awb-bg-size:cover;--awb-width-large:100%;--awb-margin-top-large:0px;--awb-spacing-right-large:1.92%;--awb-margin-bottom-large:20px;--awb-spacing-left-large:1.92%;--awb-width-medium:100%;--awb-order-medium:0;--awb-spacing-right-medium:1.92%;--awb-spacing-left-medium:1.92%;--awb-width-small:100%;--awb-order-small:0;--awb-spacing-right-small:1.92%;--awb-spacing-left-small:1.92%;\"><div class=\"fusion-column-wrapper fusion-column-has-shadow fusion-flex-justify-content-flex-start fusion-content-layout-column\"><div class=\"fusion-builder-row fusion-builder-row-inner fusion-row fusion-flex-align-items-flex-start fusion-flex-content-wrap\" style=\"--awb-flex-grow:0;--awb-flex-grow-medium:0;--awb-flex-grow-small:0;--awb-flex-shrink:0;--awb-flex-shrink-medium:0;--awb-flex-shrink-small:0;width:104% !important;max-width:104% !important;margin-left: calc(-4% \/ 2 );margin-right: calc(-4% \/ 2 );\"><div class=\"fusion-layout-column fusion_builder_column_inner fusion-builder-nested-column-0 fusion_builder_column_inner_1_1 1_1 fusion-flex-column\" style=\"--awb-bg-size:cover;--awb-width-large:100%;--awb-margin-top-large:0px;--awb-spacing-right-large:1.92%;--awb-margin-bottom-large:20px;--awb-spacing-left-large:1.92%;--awb-width-medium:100%;--awb-order-medium:0;--awb-spacing-right-medium:1.92%;--awb-spacing-left-medium:1.92%;--awb-width-small:100%;--awb-order-small:0;--awb-spacing-right-small:1.92%;--awb-spacing-left-small:1.92%;\"><div class=\"fusion-column-wrapper fusion-column-has-shadow fusion-flex-justify-content-flex-start fusion-content-layout-column\"><div class=\"fusion-video fusion-youtube\" style=\"--awb-max-width:1920px;--awb-max-height:1080px;\"><div class=\"video-shortcode\"><lite-youtube videoid=\"qZra6wtYvNM\" class=\"landscape\" params=\"wmode=transparent&autoplay=1&amp;enablejsapi=1\" title=\"YouTube video player 1\" data-button-label=\"Play Video\" width=\"1920\" height=\"1080\" data-thumbnail-size=\"auto\" data-no-cookie=\"on\"><\/lite-youtube><\/div><\/div><div class=\"fusion-video fusion-youtube\" style=\"--awb-max-width:1920px;--awb-max-height:1080px;--awb-margin-top:25px;\"><div class=\"video-shortcode\"><lite-youtube videoid=\"2n7s9XNSmkM\" class=\"landscape\" params=\"wmode=transparent&autoplay=1&amp;enablejsapi=1\" title=\"YouTube video player 2\" data-button-label=\"Play Video\" width=\"1920\" height=\"1080\" data-thumbnail-size=\"auto\" data-no-cookie=\"on\"><\/lite-youtube><\/div><\/div><\/div><\/div><div class=\"fusion-layout-column fusion_builder_column_inner fusion-builder-nested-column-1 fusion_builder_column_inner_1_1 1_1 fusion-flex-column\" style=\"--awb-bg-size:cover;--awb-width-large:100%;--awb-margin-top-large:0px;--awb-spacing-right-large:1.92%;--awb-margin-bottom-large:20px;--awb-spacing-left-large:1.92%;--awb-width-medium:100%;--awb-order-medium:0;--awb-spacing-right-medium:1.92%;--awb-spacing-left-medium:1.92%;--awb-width-small:100%;--awb-order-small:0;--awb-spacing-right-small:1.92%;--awb-spacing-left-small:1.92%;\"><div class=\"fusion-column-wrapper fusion-column-has-shadow fusion-flex-justify-content-flex-start fusion-content-layout-column\"><div class=\"fusion-video fusion-youtube\" style=\"--awb-max-width:1920px;--awb-max-height:1080px;\"><div class=\"video-shortcode\"><lite-youtube videoid=\"hz5f-JUlhUw\" class=\"landscape\" params=\"wmode=transparent&autoplay=1&amp;enablejsapi=1\" title=\"YouTube video player 3\" data-button-label=\"Play Video\" width=\"1920\" height=\"1080\" data-thumbnail-size=\"auto\" data-no-cookie=\"on\"><\/lite-youtube><\/div><\/div><\/div><\/div><div class=\"fusion-layout-column fusion_builder_column_inner fusion-builder-nested-column-2 fusion_builder_column_inner_1_1 1_1 fusion-flex-column\" style=\"--awb-bg-size:cover;--awb-width-large:100%;--awb-margin-top-large:0px;--awb-spacing-right-large:1.92%;--awb-margin-bottom-large:20px;--awb-spacing-left-large:1.92%;--awb-width-medium:100%;--awb-order-medium:0;--awb-spacing-right-medium:1.92%;--awb-spacing-left-medium:1.92%;--awb-width-small:100%;--awb-order-small:0;--awb-spacing-right-small:1.92%;--awb-spacing-left-small:1.92%;\"><div class=\"fusion-column-wrapper fusion-column-has-shadow fusion-flex-justify-content-flex-start fusion-content-layout-column\"><div class=\"fusion-video fusion-youtube\" style=\"--awb-max-width:1920px;--awb-max-height:1080px;\"><div class=\"video-shortcode\"><lite-youtube videoid=\"wFMAxiItJ_w\" class=\"landscape\" params=\"wmode=transparent&autoplay=1&amp;enablejsapi=1\" title=\"YouTube video player 4\" data-button-label=\"Play Video\" width=\"1920\" height=\"1080\" data-thumbnail-size=\"auto\" data-no-cookie=\"on\"><\/lite-youtube><\/div><\/div><\/div><\/div><div class=\"fusion-layout-column fusion_builder_column_inner fusion-builder-nested-column-3 fusion_builder_column_inner_1_1 1_1 fusion-flex-column\" style=\"--awb-bg-size:cover;--awb-width-large:100%;--awb-margin-top-large:0px;--awb-spacing-right-large:1.92%;--awb-margin-bottom-large:20px;--awb-spacing-left-large:1.92%;--awb-width-medium:100%;--awb-order-medium:0;--awb-spacing-right-medium:1.92%;--awb-spacing-left-medium:1.92%;--awb-width-small:100%;--awb-order-small:0;--awb-spacing-right-small:1.92%;--awb-spacing-left-small:1.92%;\"><div class=\"fusion-column-wrapper fusion-column-has-shadow fusion-flex-justify-content-flex-start fusion-content-layout-column\"><div class=\"fusion-video fusion-youtube\" style=\"--awb-max-width:1920px;--awb-max-height:1080px;\"><div class=\"video-shortcode\"><lite-youtube videoid=\"wOHKMKG0VVM\" class=\"landscape\" params=\"wmode=transparent&autoplay=1&amp;enablejsapi=1\" title=\"YouTube video player 5\" data-button-label=\"Play Video\" width=\"1920\" height=\"1080\" data-thumbnail-size=\"auto\" data-no-cookie=\"on\"><\/lite-youtube><\/div><\/div><\/div><\/div><div class=\"fusion-layout-column fusion_builder_column_inner fusion-builder-nested-column-4 fusion_builder_column_inner_1_1 1_1 fusion-flex-column\" style=\"--awb-bg-size:cover;--awb-width-large:100%;--awb-margin-top-large:0px;--awb-spacing-right-large:1.92%;--awb-margin-bottom-large:20px;--awb-spacing-left-large:1.92%;--awb-width-medium:100%;--awb-order-medium:0;--awb-spacing-right-medium:1.92%;--awb-spacing-left-medium:1.92%;--awb-width-small:100%;--awb-order-small:0;--awb-spacing-right-small:1.92%;--awb-spacing-left-small:1.92%;\"><div class=\"fusion-column-wrapper fusion-column-has-shadow fusion-flex-justify-content-flex-start fusion-content-layout-column\"><div class=\"fusion-video fusion-youtube\" style=\"--awb-max-width:1920px;--awb-max-height:1080px;\"><div class=\"video-shortcode\"><lite-youtube videoid=\"JHi_B_X8X8I\" class=\"landscape\" params=\"wmode=transparent&autoplay=1&amp;enablejsapi=1\" title=\"YouTube video player 6\" data-button-label=\"Play Video\" width=\"1920\" height=\"1080\" data-thumbnail-size=\"auto\" data-no-cookie=\"on\"><\/lite-youtube><\/div><\/div><\/div><\/div><div class=\"fusion-layout-column fusion_builder_column_inner fusion-builder-nested-column-5 fusion_builder_column_inner_1_1 1_1 fusion-flex-column\" style=\"--awb-bg-size:cover;--awb-width-large:100%;--awb-margin-top-large:0px;--awb-spacing-right-large:1.92%;--awb-margin-bottom-large:20px;--awb-spacing-left-large:1.92%;--awb-width-medium:100%;--awb-order-medium:0;--awb-spacing-right-medium:1.92%;--awb-spacing-left-medium:1.92%;--awb-width-small:100%;--awb-order-small:0;--awb-spacing-right-small:1.92%;--awb-spacing-left-small:1.92%;\"><div class=\"fusion-column-wrapper fusion-column-has-shadow fusion-flex-justify-content-flex-start fusion-content-layout-column\"><div class=\"fusion-video fusion-youtube\" style=\"--awb-max-width:1920px;--awb-max-height:1080px;\"><div class=\"video-shortcode\"><lite-youtube videoid=\"m2AQp1OJzIE\" class=\"landscape\" params=\"wmode=transparent&autoplay=1&amp;enablejsapi=1\" title=\"YouTube video player 7\" data-button-label=\"Play Video\" width=\"1920\" height=\"1080\" data-thumbnail-size=\"auto\" data-no-cookie=\"on\"><\/lite-youtube><\/div><\/div><\/div><\/div><div class=\"fusion-layout-column fusion_builder_column_inner fusion-builder-nested-column-6 fusion_builder_column_inner_1_1 1_1 fusion-flex-column\" style=\"--awb-bg-size:cover;--awb-width-large:100%;--awb-margin-top-large:0px;--awb-spacing-right-large:1.92%;--awb-margin-bottom-large:20px;--awb-spacing-left-large:1.92%;--awb-width-medium:100%;--awb-order-medium:0;--awb-spacing-right-medium:1.92%;--awb-spacing-left-medium:1.92%;--awb-width-small:100%;--awb-order-small:0;--awb-spacing-right-small:1.92%;--awb-spacing-left-small:1.92%;\"><div class=\"fusion-column-wrapper fusion-column-has-shadow fusion-flex-justify-content-flex-start fusion-content-layout-column\"><div class=\"fusion-video fusion-youtube\" style=\"--awb-max-width:1920px;--awb-max-height:1080px;\"><div class=\"video-shortcode\"><lite-youtube videoid=\"33yeE8FGhDw\" class=\"landscape\" params=\"wmode=transparent&autoplay=1&amp;enablejsapi=1\" title=\"YouTube video player 8\" data-button-label=\"Play Video\" width=\"1920\" height=\"1080\" data-thumbnail-size=\"auto\" data-no-cookie=\"on\"><\/lite-youtube><\/div><\/div><\/div><\/div><\/div><\/div><\/div><div class=\"fusion-layout-column fusion_builder_column fusion-builder-column-2 fusion_builder_column_1_1 1_1 fusion-flex-column\" style=\"--awb-bg-size:cover;--awb-width-large:100%;--awb-margin-top-large:0px;--awb-spacing-right-large:1.92%;--awb-margin-bottom-large:20px;--awb-spacing-left-large:1.92%;--awb-width-medium:100%;--awb-order-medium:0;--awb-spacing-right-medium:1.92%;--awb-spacing-left-medium:1.92%;--awb-width-small:100%;--awb-order-small:0;--awb-spacing-right-small:1.92%;--awb-spacing-left-small:1.92%;\"><div class=\"fusion-column-wrapper fusion-column-has-shadow fusion-flex-justify-content-flex-start fusion-content-layout-column\"><div ><a class=\"fusion-button button-flat button-xlarge button-custom fusion-button-default button-1 fusion-button-default-span fusion-button-default-type\" style=\"--awb-margin-top:30px;--button_accent_color:var(--awb-color6);--button_border_color:var(--awb-color6);--button_accent_hover_color:var(--awb-color1);--button_border_hover_color:var(--awb-color1);--button_gradient_top_color:var(--awb-color4);--button_gradient_bottom_color:var(--awb-color4);--button_gradient_top_color_hover:hsla(var(--awb-color4-h),calc(var(--awb-color4-s) - 4%),calc(var(--awb-color4-l) - 8%),var(--awb-color4-a));--button_gradient_bottom_color_hover:hsla(var(--awb-color4-h),calc(var(--awb-color4-s) - 4%),calc(var(--awb-color4-l) - 8%),var(--awb-color4-a));\" target=\"_self\" href=\"https:\/\/exsitu-congres.com\/en\/\"><span class=\"fusion-button-text awb-button__text awb-button__text--default\">Back to home<\/span><\/a><\/div><\/div><\/div><\/div><\/div>","protected":false},"excerpt":{"rendered":"","protected":false},"author":1,"featured_media":0,"parent":0,"menu_order":0,"comment_status":"closed","ping_status":"closed","template":"","meta":{"footnotes":""},"class_list":["post-1539","page","type-page","status-publish","hentry"],"yoast_head":"<!-- This site is optimized with the Yoast SEO plugin v27.4 - https:\/\/yoast.com\/product\/yoast-seo-wordpress\/ -->\n<title>M\u00e9dias - Ex-Situ congr\u00e8s<\/title>\n<meta name=\"description\" content=\"Pr\u00e9parez votre venue sur le congr\u00e8s EX-SITU, et profitez-en pour visiter le pays Cathare. Cette r\u00e9gion c\u00e9l\u00e8bre pour ses nombreux mythes et l\u00e9gendes de tr\u00e9sors perdus, serait aussi d\u00e9positaire et h\u00e9riti\u00e8re de secrets inavou\u00e9s li\u00e9s \u00e0 l\u2019Arche d\u2019Alliance ou encore \u00e0 Marie-Madeleine.\" \/>\n<meta name=\"robots\" content=\"index, follow, max-snippet:-1, max-image-preview:large, max-video-preview:-1\" \/>\n<link rel=\"canonical\" href=\"https:\/\/exsitu-congres.com\/en\/medias\/\" \/>\n<meta property=\"og:locale\" content=\"en_GB\" \/>\n<meta property=\"og:type\" content=\"article\" \/>\n<meta property=\"og:title\" content=\"M\u00e9dias - Ex-Situ congr\u00e8s\" \/>\n<meta property=\"og:description\" content=\"Pr\u00e9parez votre venue sur le congr\u00e8s EX-SITU, et profitez-en pour visiter le pays Cathare. Cette r\u00e9gion c\u00e9l\u00e8bre pour ses nombreux mythes et l\u00e9gendes de tr\u00e9sors perdus, serait aussi d\u00e9positaire et h\u00e9riti\u00e8re de secrets inavou\u00e9s li\u00e9s \u00e0 l\u2019Arche d\u2019Alliance ou encore \u00e0 Marie-Madeleine.\" \/>\n<meta property=\"og:url\" content=\"https:\/\/exsitu-congres.com\/en\/medias\/\" \/>\n<meta property=\"og:site_name\" content=\"Ex-Situ congr\u00e8s\" \/>\n<meta property=\"article:modified_time\" content=\"2025-03-23T12:28:11+00:00\" \/>\n<meta name=\"twitter:card\" content=\"summary_large_image\" \/>\n<meta name=\"twitter:label1\" content=\"Estimated reading time\" \/>\n\t<meta name=\"twitter:data1\" content=\"6 minutes\" \/>\n<script type=\"application\/ld+json\" class=\"yoast-schema-graph\">{\"@context\":\"https:\\\/\\\/schema.org\",\"@graph\":[{\"@type\":\"WebPage\",\"@id\":\"https:\\\/\\\/exsitu-congres.com\\\/medias\\\/\",\"url\":\"https:\\\/\\\/exsitu-congres.com\\\/medias\\\/\",\"name\":\"M\u00e9dias - Ex-Situ congr\u00e8s\",\"isPartOf\":{\"@id\":\"https:\\\/\\\/exsitu-congres.com\\\/#website\"},\"datePublished\":\"2025-03-08T19:26:35+00:00\",\"dateModified\":\"2025-03-23T12:28:11+00:00\",\"description\":\"Pr\u00e9parez votre venue sur le congr\u00e8s EX-SITU, et profitez-en pour visiter le pays Cathare. Cette r\u00e9gion c\u00e9l\u00e8bre pour ses nombreux mythes et l\u00e9gendes de tr\u00e9sors perdus, serait aussi d\u00e9positaire et h\u00e9riti\u00e8re de secrets inavou\u00e9s li\u00e9s \u00e0 l\u2019Arche d\u2019Alliance ou encore \u00e0 Marie-Madeleine.\",\"breadcrumb\":{\"@id\":\"https:\\\/\\\/exsitu-congres.com\\\/medias\\\/#breadcrumb\"},\"inLanguage\":\"en-GB\",\"potentialAction\":[{\"@type\":\"ReadAction\",\"target\":[\"https:\\\/\\\/exsitu-congres.com\\\/medias\\\/\"]}]},{\"@type\":\"BreadcrumbList\",\"@id\":\"https:\\\/\\\/exsitu-congres.com\\\/medias\\\/#breadcrumb\",\"itemListElement\":[{\"@type\":\"ListItem\",\"position\":1,\"name\":\"Accueil\",\"item\":\"https:\\\/\\\/exsitu-congres.com\\\/\"},{\"@type\":\"ListItem\",\"position\":2,\"name\":\"M\u00e9dias\"}]},{\"@type\":\"WebSite\",\"@id\":\"https:\\\/\\\/exsitu-congres.com\\\/#website\",\"url\":\"https:\\\/\\\/exsitu-congres.com\\\/\",\"name\":\"Ex-Situ congr\u00e8s\",\"description\":\"Le congr\u00e8s d\u00e9di\u00e9 \u00e0 l\u2019\u00e9tude des ph\u00e9nom\u00e8nes d\u2019enl\u00e8vements et de rencontres dites exog\u00e8nes\",\"potentialAction\":[{\"@type\":\"SearchAction\",\"target\":{\"@type\":\"EntryPoint\",\"urlTemplate\":\"https:\\\/\\\/exsitu-congres.com\\\/?s={search_term_string}\"},\"query-input\":{\"@type\":\"PropertyValueSpecification\",\"valueRequired\":true,\"valueName\":\"search_term_string\"}}],\"inLanguage\":\"en-GB\"}]}<\/script>\n<!-- \/ Yoast SEO plugin. -->","yoast_head_json":{"title":"M\u00e9dias - Ex-Situ congr\u00e8s","description":"Pr\u00e9parez votre venue sur le congr\u00e8s EX-SITU, et profitez-en pour visiter le pays Cathare. Cette r\u00e9gion c\u00e9l\u00e8bre pour ses nombreux mythes et l\u00e9gendes de tr\u00e9sors perdus, serait aussi d\u00e9positaire et h\u00e9riti\u00e8re de secrets inavou\u00e9s li\u00e9s \u00e0 l\u2019Arche d\u2019Alliance ou encore \u00e0 Marie-Madeleine.","robots":{"index":"index","follow":"follow","max-snippet":"max-snippet:-1","max-image-preview":"max-image-preview:large","max-video-preview":"max-video-preview:-1"},"canonical":"https:\/\/exsitu-congres.com\/en\/medias\/","og_locale":"en_GB","og_type":"article","og_title":"M\u00e9dias - Ex-Situ congr\u00e8s","og_description":"Pr\u00e9parez votre venue sur le congr\u00e8s EX-SITU, et profitez-en pour visiter le pays Cathare. Cette r\u00e9gion c\u00e9l\u00e8bre pour ses nombreux mythes et l\u00e9gendes de tr\u00e9sors perdus, serait aussi d\u00e9positaire et h\u00e9riti\u00e8re de secrets inavou\u00e9s li\u00e9s \u00e0 l\u2019Arche d\u2019Alliance ou encore \u00e0 Marie-Madeleine.","og_url":"https:\/\/exsitu-congres.com\/en\/medias\/","og_site_name":"Ex-Situ congr\u00e8s","article_modified_time":"2025-03-23T12:28:11+00:00","twitter_card":"summary_large_image","twitter_misc":{"Estimated reading time":"6 minutes"},"schema":{"@context":"https:\/\/schema.org","@graph":[{"@type":"WebPage","@id":"https:\/\/exsitu-congres.com\/medias\/","url":"https:\/\/exsitu-congres.com\/medias\/","name":"M\u00e9dias - Ex-Situ congr\u00e8s","isPartOf":{"@id":"https:\/\/exsitu-congres.com\/#website"},"datePublished":"2025-03-08T19:26:35+00:00","dateModified":"2025-03-23T12:28:11+00:00","description":"Pr\u00e9parez votre venue sur le congr\u00e8s EX-SITU, et profitez-en pour visiter le pays Cathare. Cette r\u00e9gion c\u00e9l\u00e8bre pour ses nombreux mythes et l\u00e9gendes de tr\u00e9sors perdus, serait aussi d\u00e9positaire et h\u00e9riti\u00e8re de secrets inavou\u00e9s li\u00e9s \u00e0 l\u2019Arche d\u2019Alliance ou encore \u00e0 Marie-Madeleine.","breadcrumb":{"@id":"https:\/\/exsitu-congres.com\/medias\/#breadcrumb"},"inLanguage":"en-GB","potentialAction":[{"@type":"ReadAction","target":["https:\/\/exsitu-congres.com\/medias\/"]}]},{"@type":"BreadcrumbList","@id":"https:\/\/exsitu-congres.com\/medias\/#breadcrumb","itemListElement":[{"@type":"ListItem","position":1,"name":"Accueil","item":"https:\/\/exsitu-congres.com\/"},{"@type":"ListItem","position":2,"name":"M\u00e9dias"}]},{"@type":"WebSite","@id":"https:\/\/exsitu-congres.com\/#website","url":"https:\/\/exsitu-congres.com\/","name":"Ex-Situ congr\u00e8s","description":"Le congr\u00e8s d\u00e9di\u00e9 \u00e0 l\u2019\u00e9tude des ph\u00e9nom\u00e8nes d\u2019enl\u00e8vements et de rencontres dites exog\u00e8nes","potentialAction":[{"@type":"SearchAction","target":{"@type":"EntryPoint","urlTemplate":"https:\/\/exsitu-congres.com\/?s={search_term_string}"},"query-input":{"@type":"PropertyValueSpecification","valueRequired":true,"valueName":"search_term_string"}}],"inLanguage":"en-GB"}]}},"_links":{"self":[{"href":"https:\/\/exsitu-congres.com\/en\/wp-json\/wp\/v2\/pages\/1539","targetHints":{"allow":["GET"]}}],"collection":[{"href":"https:\/\/exsitu-congres.com\/en\/wp-json\/wp\/v2\/pages"}],"about":[{"href":"https:\/\/exsitu-congres.com\/en\/wp-json\/wp\/v2\/types\/page"}],"author":[{"embeddable":true,"href":"https:\/\/exsitu-congres.com\/en\/wp-json\/wp\/v2\/users\/1"}],"replies":[{"embeddable":true,"href":"https:\/\/exsitu-congres.com\/en\/wp-json\/wp\/v2\/comments?post=1539"}],"version-history":[{"count":9,"href":"https:\/\/exsitu-congres.com\/en\/wp-json\/wp\/v2\/pages\/1539\/revisions"}],"predecessor-version":[{"id":1556,"href":"https:\/\/exsitu-congres.com\/en\/wp-json\/wp\/v2\/pages\/1539\/revisions\/1556"}],"wp:attachment":[{"href":"https:\/\/exsitu-congres.com\/en\/wp-json\/wp\/v2\/media?parent=1539"}],"curies":[{"name":"wp","href":"https:\/\/api.w.org\/{rel}","templated":true}]}}